{"id":54819,"date":"2025-08-20T16:03:11","date_gmt":"2025-08-20T16:03:11","guid":{"rendered":"https:\/\/virtualia-str.com\/?page_id=54819"},"modified":"2025-09-17T10:39:44","modified_gmt":"2025-09-17T10:39:44","slug":"sistemas-de-cronometraje","status":"publish","type":"page","link":"https:\/\/virtualia-str.com\/es\/sistemas-de-cronometraje\/","title":{"rendered":"SISTEMAS DE CRONOMETRAJE"},"content":{"rendered":"\t\t<div data-elementor-type=\"wp-page\" data-elementor-id=\"54819\" class=\"elementor elementor-54819\" data-elementor-post-type=\"page\">\n\t\t\t\t\t\t<section class=\"elementor-section elementor-top-section elementor-element elementor-element-43847c25 elementor-section-full_width elementor-section-height-default elementor-section-height-default\" data-id=\"43847c25\" data-element_type=\"section\" data-settings=\"{&quot;background_background&quot;:&quot;gradient&quot;}\">\n\t\t\t\t\t\t\t<div class=\"elementor-background-overlay\"><\/div>\n\t\t\t\t\t\t\t<div class=\"elementor-container elementor-column-gap-wider\">\n\t\t\t\t\t<div class=\"elementor-column elementor-col-100 elementor-top-column elementor-element elementor-element-19754a37\" data-id=\"19754a37\" data-element_type=\"column\" data-settings=\"{&quot;background_background&quot;:&quot;classic&quot;,&quot;background_motion_fx_motion_fx_scrolling&quot;:&quot;yes&quot;,&quot;background_motion_fx_opacity_effect&quot;:&quot;yes&quot;,&quot;background_motion_fx_opacity_direction&quot;:&quot;in-out&quot;,&quot;background_motion_fx_opacity_level&quot;:{&quot;unit&quot;:&quot;px&quot;,&quot;size&quot;:7,&quot;sizes&quot;:[]},&quot;background_motion_fx_opacity_range&quot;:{&quot;unit&quot;:&quot;%&quot;,&quot;size&quot;:&quot;&quot;,&quot;sizes&quot;:{&quot;start&quot;:0,&quot;end&quot;:100}},&quot;background_motion_fx_devices&quot;:[&quot;desktop&quot;,&quot;tablet&quot;,&quot;mobile&quot;]}\">\n\t\t\t<div class=\"elementor-widget-wrap elementor-element-populated\">\n\t\t\t\t\t<div class=\"elementor-background-overlay\"><\/div>\n\t\t\t\t\t\t<div class=\"elementor-element elementor-element-8acdedd elementor-widget elementor-widget-spacer\" data-id=\"8acdedd\" data-element_type=\"widget\" data-widget_type=\"spacer.default\">\n\t\t\t\t<div class=\"elementor-widget-container\">\n\t\t\t\t\t\t\t<div class=\"elementor-spacer\">\n\t\t\t<div class=\"elementor-spacer-inner\"><\/div>\n\t\t<\/div>\n\t\t\t\t\t\t<\/div>\n\t\t\t\t<\/div>\n\t\t\t\t\t<\/div>\n\t\t<\/div>\n\t\t\t\t\t<\/div>\n\t\t<\/section>\n\t\t\t\t<section class=\"elementor-section elementor-top-section elementor-element elementor-element-38f6f169 elementor-section-full_width elementor-section-height-default elementor-section-height-default\" data-id=\"38f6f169\" data-element_type=\"section\" data-settings=\"{&quot;background_background&quot;:&quot;slideshow&quot;,&quot;background_slideshow_gallery&quot;:[{&quot;id&quot;:54638,&quot;url&quot;:&quot;https:\\\/\\\/virtualia-str.com\\\/wp-content\\\/uploads\\\/2025\\\/07\\\/EL_DEBATE.jpg&quot;},{&quot;id&quot;:53884,&quot;url&quot;:&quot;https:\\\/\\\/virtualia-str.com\\\/wp-content\\\/uploads\\\/2023\\\/05\\\/Maraton.jpeg&quot;},{&quot;id&quot;:54853,&quot;url&quot;:&quot;https:\\\/\\\/virtualia-str.com\\\/wp-content\\\/uploads\\\/2025\\\/08\\\/pasapalabra-rosa-y-manu.webp&quot;},{&quot;id&quot;:52945,&quot;url&quot;:&quot;https:\\\/\\\/virtualia-str.com\\\/wp-content\\\/uploads\\\/2022\\\/07\\\/1_Escalada.png&quot;}],&quot;background_slideshow_transition_duration&quot;:1500,&quot;background_slideshow_slide_duration&quot;:4000,&quot;background_slideshow_loop&quot;:&quot;yes&quot;,&quot;background_slideshow_slide_transition&quot;:&quot;fade&quot;}\">\n\t\t\t\t\t\t\t<div class=\"elementor-background-overlay\"><\/div>\n\t\t\t\t\t\t\t<div class=\"elementor-container elementor-column-gap-wider\">\n\t\t\t\t\t<div class=\"elementor-column elementor-col-100 elementor-top-column elementor-element elementor-element-65e513cf\" data-id=\"65e513cf\" data-element_type=\"column\" data-settings=\"{&quot;background_background&quot;:&quot;classic&quot;,&quot;background_motion_fx_motion_fx_scrolling&quot;:&quot;yes&quot;,&quot;background_motion_fx_opacity_effect&quot;:&quot;yes&quot;,&quot;background_motion_fx_opacity_direction&quot;:&quot;in-out&quot;,&quot;background_motion_fx_opacity_level&quot;:{&quot;unit&quot;:&quot;px&quot;,&quot;size&quot;:7,&quot;sizes&quot;:[]},&quot;background_motion_fx_opacity_range&quot;:{&quot;unit&quot;:&quot;%&quot;,&quot;size&quot;:&quot;&quot;,&quot;sizes&quot;:{&quot;start&quot;:0,&quot;end&quot;:100}},&quot;background_motion_fx_devices&quot;:[&quot;desktop&quot;,&quot;tablet&quot;,&quot;mobile&quot;]}\">\n\t\t\t<div class=\"elementor-widget-wrap elementor-element-populated\">\n\t\t\t\t\t<div class=\"elementor-background-overlay\"><\/div>\n\t\t\t\t\t\t<div class=\"elementor-element elementor-element-4e8f4f6a elementor-widget elementor-widget-spacer\" data-id=\"4e8f4f6a\" data-element_type=\"widget\" data-widget_type=\"spacer.default\">\n\t\t\t\t<div class=\"elementor-widget-container\">\n\t\t\t\t\t\t\t<div class=\"elementor-spacer\">\n\t\t\t<div class=\"elementor-spacer-inner\"><\/div>\n\t\t<\/div>\n\t\t\t\t\t\t<\/div>\n\t\t\t\t<\/div>\n\t\t\t\t<div class=\"elementor-element elementor-element-20e4b967 elementor-widget elementor-widget-spacer\" data-id=\"20e4b967\" data-element_type=\"widget\" data-widget_type=\"spacer.default\">\n\t\t\t\t<div class=\"elementor-widget-container\">\n\t\t\t\t\t\t\t<div class=\"elementor-spacer\">\n\t\t\t<div class=\"elementor-spacer-inner\"><\/div>\n\t\t<\/div>\n\t\t\t\t\t\t<\/div>\n\t\t\t\t<\/div>\n\t\t\t\t\t<\/div>\n\t\t<\/div>\n\t\t\t\t\t<\/div>\n\t\t<\/section>\n\t\t\t\t<section class=\"elementor-section elementor-top-section elementor-element elementor-element-3d52a876 elementor-section-full_width elementor-section-height-default elementor-section-height-default\" data-id=\"3d52a876\" data-element_type=\"section\" data-settings=\"{&quot;background_background&quot;:&quot;gradient&quot;}\">\n\t\t\t\t\t\t<div class=\"elementor-container elementor-column-gap-no\">\n\t\t\t\t\t<div class=\"elementor-column elementor-col-100 elementor-top-column elementor-element elementor-element-0ca89f7\" data-id=\"0ca89f7\" data-element_type=\"column\" data-settings=\"{&quot;background_background&quot;:&quot;classic&quot;}\">\n\t\t\t<div class=\"elementor-widget-wrap elementor-element-populated\">\n\t\t\t\t\t\t<div class=\"elementor-element elementor-element-c0fc5c3 elementor-widget elementor-widget-spacer\" data-id=\"c0fc5c3\" data-element_type=\"widget\" data-widget_type=\"spacer.default\">\n\t\t\t\t<div class=\"elementor-widget-container\">\n\t\t\t\t\t\t\t<div class=\"elementor-spacer\">\n\t\t\t<div class=\"elementor-spacer-inner\"><\/div>\n\t\t<\/div>\n\t\t\t\t\t\t<\/div>\n\t\t\t\t<\/div>\n\t\t\t\t<div class=\"elementor-element elementor-element-9fde80e elementor-widget elementor-widget-text-editor\" data-id=\"9fde80e\" data-element_type=\"widget\" data-widget_type=\"text-editor.default\">\n\t\t\t\t<div class=\"elementor-widget-container\">\n\t\t\t\t\t\t\t\t\t<h1 style=\"text-align: center;\"><span style=\"color: #ffffff;\">SISTEMAS DE CRONOMETRAJE<\/span><\/h1>\t\t\t\t\t\t\t\t<\/div>\n\t\t\t\t<\/div>\n\t\t\t\t<div class=\"elementor-element elementor-element-49166db elementor-widget-divider--view-line elementor-widget elementor-widget-divider\" data-id=\"49166db\" data-element_type=\"widget\" data-widget_type=\"divider.default\">\n\t\t\t\t<div class=\"elementor-widget-container\">\n\t\t\t\t\t\t\t<div class=\"elementor-divider\">\n\t\t\t<span class=\"elementor-divider-separator\">\n\t\t\t\t\t\t<\/span>\n\t\t<\/div>\n\t\t\t\t\t\t<\/div>\n\t\t\t\t<\/div>\n\t\t\t\t<div class=\"elementor-element elementor-element-a2584c2 elementor-widget elementor-widget-text-editor\" data-id=\"a2584c2\" data-element_type=\"widget\" data-widget_type=\"text-editor.default\">\n\t\t\t\t<div class=\"elementor-widget-container\">\n\t\t\t\t\t\t\t\t\t<p><strong>Los sistemas de cronometraje se han convertido en una pieza clave para garantizar la precisi\u00f3n, la emoci\u00f3n y la credibilidad de cualquier competici\u00f3n o concurso grabado o en directo.<\/strong><\/p><p>En Virtualia ofrecemos tecnolog\u00eda capaz de medir y mostrar tiempos, con la fiabilidad necesaria para que tanto el p\u00fablico como los participantes conf\u00eden en el resultado. En infinidad de concursos el control del tiempo est\u00e1 asociado a un sistema de pulsadores donde el m\u00e1s r\u00e1pido en pulsar es el primero en responder. Donde hay un tiempo limitado para responder que hay que respetar escrupulosamente para garantizar que todos los concursantes tienen las mismas opciones. Concursos como <span style=\"text-decoration: underline;\"><a href=\"https:\/\/www.atresplayer.com\/antena3\/programas\/pasapalabra\/\"><strong>Pasapalabra<\/strong><\/a><\/span>, <span style=\"text-decoration: underline;\"><strong><a href=\"https:\/\/www.mediasetinfinity.es\/programas-tv\/boom\/\">\u00a1BOOM!<\/a><\/strong><\/span>, <span style=\"text-decoration: underline;\"><a href=\"https:\/\/www.atresplayer.com\/lasexta\/programas\/generacion-top\/\"><strong>GENERACI\u00d3N TOP<\/strong><\/a><\/span> o <a href=\"https:\/\/www.rtve.es\/rtve\/20250605\/rtve-prepara-trivial-pursuit-version-para-television-del-iconico-juego-mesa\/16611403.shtml\"><span style=\"text-decoration: underline;\"><strong>TRIVIAL PURSUIT<\/strong><\/span><\/a> utilizan esta tecnolog\u00eda para gestionar de forma efectiva el desarrollo del concurso. El sistema de control de tiempo de Virtualia, convierte un reto t\u00e9cnico en un recurso narrativo al servicio de la espectacularidad televisiva.<\/p><p>Pero tambi\u00e9n hay programas donde el control exhaustivo del tiempo forma parte intr\u00ednseca del programa. Nos referimos a los debates electorales donde cada uno de los participantes tiene unos tiempos predefinidos. Aqu\u00ed el cron\u00f3metro refleja el ritmo del debate y controla las intervenciones de las personas que debaten. El sistema de VIRTUALIA gestion\u00f3 los tiempos de participaci\u00f3n del <span style=\"text-decoration: underline;\"><strong><a href=\"https:\/\/www.atresplayer.com\/noticias\/cara-a-cara-el-debate\/temporada-1\/cara-a-cara-el-debate_64a5442188e3b0e4796cb4fa\/\">Debate Cara a Cara<\/a><\/strong><\/span> de <strong><a href=\"https:\/\/www.atresmedia.com\/\">Atresmedia<\/a><\/strong> entre Pedro Sanchez y Alberto Nu\u00f1ez Feijoo y gener\u00f3 un registro, segundo a segundo, de cada una de ellos.<\/p>\t\t\t\t\t\t\t\t<\/div>\n\t\t\t\t<\/div>\n\t\t\t\t\t<\/div>\n\t\t<\/div>\n\t\t\t\t\t<\/div>\n\t\t<\/section>\n\t\t\t\t<section class=\"elementor-section elementor-top-section elementor-element elementor-element-3b944b2f elementor-section-full_width elementor-section-height-default elementor-section-height-default\" data-id=\"3b944b2f\" data-element_type=\"section\" data-settings=\"{&quot;background_background&quot;:&quot;classic&quot;}\">\n\t\t\t\t\t\t<div class=\"elementor-container elementor-column-gap-no\">\n\t\t\t\t\t<div class=\"elementor-column elementor-col-100 elementor-top-column elementor-element elementor-element-6dab6df9\" data-id=\"6dab6df9\" data-element_type=\"column\" data-settings=\"{&quot;background_background&quot;:&quot;classic&quot;}\">\n\t\t\t<div class=\"elementor-widget-wrap elementor-element-populated\">\n\t\t\t\t\t\t<section class=\"elementor-section elementor-inner-section elementor-element elementor-element-211f7f18 elementor-section-boxed elementor-section-height-default elementor-section-height-default\" data-id=\"211f7f18\" data-element_type=\"section\">\n\t\t\t\t\t\t<div class=\"elementor-container elementor-column-gap-wider\">\n\t\t\t\t\t<div class=\"elementor-column elementor-col-100 elementor-inner-column elementor-element elementor-element-33ac2b30\" data-id=\"33ac2b30\" data-element_type=\"column\">\n\t\t\t<div class=\"elementor-widget-wrap elementor-element-populated\">\n\t\t\t\t\t\t<div class=\"elementor-element elementor-element-e4e4963 elementor-widget elementor-widget-text-editor\" data-id=\"e4e4963\" data-element_type=\"widget\" data-widget_type=\"text-editor.default\">\n\t\t\t\t<div class=\"elementor-widget-container\">\n\t\t\t\t\t\t\t\t\t<h2 style=\"text-align: center;\"><span style=\"color: #ffffff;\">NUESTROS PROYECTOS\n<\/span><\/h2>\t\t\t\t\t\t\t\t<\/div>\n\t\t\t\t<\/div>\n\t\t\t\t<div class=\"elementor-element elementor-element-1f5b2de elementor-widget-divider--view-line elementor-widget elementor-widget-divider\" data-id=\"1f5b2de\" data-element_type=\"widget\" data-widget_type=\"divider.default\">\n\t\t\t\t<div class=\"elementor-widget-container\">\n\t\t\t\t\t\t\t<div class=\"elementor-divider\">\n\t\t\t<span class=\"elementor-divider-separator\">\n\t\t\t\t\t\t<\/span>\n\t\t<\/div>\n\t\t\t\t\t\t<\/div>\n\t\t\t\t<\/div>\n\t\t\t\t\t<\/div>\n\t\t<\/div>\n\t\t\t\t\t<\/div>\n\t\t<\/section>\n\t\t\t\t<div class=\"elementor-element elementor-element-1f62a5f2 elementor-widget__width-initial arrows-relative-to-box_area slider-layout_1 slider-tablet-default slider-mobile-default slide-h-position-center bullets-small-dot-stroke elementor-widget elementor-widget-the7_content_carousel\" data-id=\"1f62a5f2\" data-element_type=\"widget\" data-settings=\"{&quot;gap_between_posts&quot;:{&quot;unit&quot;:&quot;px&quot;,&quot;size&quot;:20,&quot;sizes&quot;:[]},&quot;motion_fx_motion_fx_scrolling&quot;:&quot;yes&quot;,&quot;_animation&quot;:&quot;none&quot;,&quot;normal_arrow_bg_color&quot;:&quot;#FFFFFF&quot;,&quot;widget_columns&quot;:3,&quot;widget_columns_tablet&quot;:2,&quot;widget_columns_mobile&quot;:1,&quot;gap_between_posts_tablet&quot;:{&quot;unit&quot;:&quot;px&quot;,&quot;size&quot;:&quot;&quot;,&quot;sizes&quot;:[]},&quot;gap_between_posts_mobile&quot;:{&quot;unit&quot;:&quot;px&quot;,&quot;size&quot;:&quot;&quot;,&quot;sizes&quot;:[]},&quot;motion_fx_devices&quot;:[&quot;desktop&quot;,&quot;tablet&quot;,&quot;mobile&quot;]}\" data-widget_type=\"the7_content_carousel.default\">\n\t\t\t\t<div class=\"elementor-widget-container\">\n\t\t\t\t\t<div class=\"owl-carousel text-and-icon-carousel elementor-owl-carousel-call the7-elementor-widget the7_content_carousel-1f62a5f2 quick-scale-img\" data-scroll-mode=\"1\" data-auto-height=\"false\" data-speed=\"1000\" data-autoplay=\"true\" data-autoplay_speed=\"2000\"><div  class=\"dt-owl-item-wrap elements-hover\"  ><div class=\"dt-owl-item-inner \"><div  class=\"dt-owl-item-image layzr-bg img-css-resize-wrapper\"> <img fetchpriority=\"high\" decoding=\"async\" width=\"1599\" height=\"899\" src=\"data:image\/svg+xml,%3Csvg%20xmlns%3D&#039;http%3A%2F%2Fwww.w3.org%2F2000%2Fsvg&#039;%20viewBox%3D&#039;0%200%201599%20899&#039;%2F%3E\" class=\"attachment-full size-full preload-me aspect lazy lazy-load\" alt=\"\" sizes=\"(max-width: 1599px) 100vw, 1599px\" style=\"--ratio: 1599 \/ 899;\" data-src=\"https:\/\/virtualia-str.com\/wp-content\/uploads\/2023\/11\/Marcador_Josep.jpg\" loading=\"eager\" data-srcset=\"https:\/\/virtualia-str.com\/wp-content\/uploads\/2023\/11\/Marcador_Josep.jpg 1599w, https:\/\/virtualia-str.com\/wp-content\/uploads\/2023\/11\/Marcador_Josep-300x169.jpg 300w, https:\/\/virtualia-str.com\/wp-content\/uploads\/2023\/11\/Marcador_Josep-1024x576.jpg 1024w, https:\/\/virtualia-str.com\/wp-content\/uploads\/2023\/11\/Marcador_Josep-768x432.jpg 768w, https:\/\/virtualia-str.com\/wp-content\/uploads\/2023\/11\/Marcador_Josep-1536x864.jpg 1536w\" \/><\/div><\/div><\/div><div  class=\"dt-owl-item-wrap elements-hover elements-hover\"  ><div class=\"dt-owl-item-inner \"><a href=\"https:\/\/virtualia-str.com\/es\/virtualia\/\" class=\"dt-owl-item-image layzr-bg img-css-resize-wrapper\"> <img decoding=\"async\" width=\"980\" height=\"653\" src=\"data:image\/svg+xml,%3Csvg%20xmlns%3D&#039;http%3A%2F%2Fwww.w3.org%2F2000%2Fsvg&#039;%20viewBox%3D&#039;0%200%20980%20653&#039;%2F%3E\" class=\"attachment-full size-full preload-me aspect lazy lazy-load\" alt=\"\" sizes=\"(max-width: 980px) 100vw, 980px\" style=\"--ratio: 980 \/ 653;\" data-src=\"https:\/\/virtualia-str.com\/wp-content\/uploads\/2023\/05\/Maraton.jpeg\" loading=\"eager\" data-srcset=\"https:\/\/virtualia-str.com\/wp-content\/uploads\/2023\/05\/Maraton.jpeg 980w, https:\/\/virtualia-str.com\/wp-content\/uploads\/2023\/05\/Maraton-300x200.jpeg 300w, https:\/\/virtualia-str.com\/wp-content\/uploads\/2023\/05\/Maraton-768x512.jpeg 768w\" \/><\/a><\/div><\/div><div  class=\"dt-owl-item-wrap elements-hover\"  ><div class=\"dt-owl-item-inner \"><div  class=\"dt-owl-item-image layzr-bg img-css-resize-wrapper\"> <img decoding=\"async\" width=\"996\" height=\"562\" src=\"data:image\/svg+xml,%3Csvg%20xmlns%3D&#039;http%3A%2F%2Fwww.w3.org%2F2000%2Fsvg&#039;%20viewBox%3D&#039;0%200%20996%20562&#039;%2F%3E\" class=\"attachment-full size-full preload-me aspect lazy lazy-load\" alt=\"\" sizes=\"(max-width: 996px) 100vw, 996px\" style=\"--ratio: 996 \/ 562;\" data-src=\"https:\/\/virtualia-str.com\/wp-content\/uploads\/2025\/07\/EL_DEBATE.jpg\" loading=\"eager\" data-srcset=\"https:\/\/virtualia-str.com\/wp-content\/uploads\/2025\/07\/EL_DEBATE.jpg 996w, https:\/\/virtualia-str.com\/wp-content\/uploads\/2025\/07\/EL_DEBATE-300x169.jpg 300w, https:\/\/virtualia-str.com\/wp-content\/uploads\/2025\/07\/EL_DEBATE-768x433.jpg 768w\" \/><\/div><\/div><\/div><div  class=\"dt-owl-item-wrap elements-hover\"  ><div class=\"dt-owl-item-inner \"><div  class=\"dt-owl-item-image layzr-bg img-css-resize-wrapper\"> <img decoding=\"async\" width=\"1920\" height=\"1080\" src=\"data:image\/svg+xml,%3Csvg%20xmlns%3D&#039;http%3A%2F%2Fwww.w3.org%2F2000%2Fsvg&#039;%20viewBox%3D&#039;0%200%201920%201080&#039;%2F%3E\" class=\"attachment-full size-full preload-me aspect lazy lazy-load\" alt=\"\" sizes=\"(max-width: 1920px) 100vw, 1920px\" style=\"--ratio: 1920 \/ 1080;\" data-src=\"https:\/\/virtualia-str.com\/wp-content\/uploads\/2022\/09\/Escalada.png\" loading=\"eager\" data-srcset=\"https:\/\/virtualia-str.com\/wp-content\/uploads\/2022\/09\/Escalada.png 1920w, https:\/\/virtualia-str.com\/wp-content\/uploads\/2022\/09\/Escalada-300x169.png 300w, https:\/\/virtualia-str.com\/wp-content\/uploads\/2022\/09\/Escalada-1024x576.png 1024w, https:\/\/virtualia-str.com\/wp-content\/uploads\/2022\/09\/Escalada-768x432.png 768w, https:\/\/virtualia-str.com\/wp-content\/uploads\/2022\/09\/Escalada-1536x864.png 1536w\" \/><\/div><\/div><\/div><div  class=\"dt-owl-item-wrap elements-hover\"  ><div class=\"dt-owl-item-inner \"><div  class=\"dt-owl-item-image layzr-bg img-css-resize-wrapper\"> <img decoding=\"async\" width=\"600\" height=\"338\" src=\"data:image\/svg+xml,%3Csvg%20xmlns%3D&#039;http%3A%2F%2Fwww.w3.org%2F2000%2Fsvg&#039;%20viewBox%3D&#039;0%200%20600%20338&#039;%2F%3E\" class=\"attachment-full size-full preload-me aspect lazy lazy-load\" alt=\"\" sizes=\"(max-width: 600px) 100vw, 600px\" style=\"--ratio: 600 \/ 338;\" data-src=\"https:\/\/virtualia-str.com\/wp-content\/uploads\/2022\/07\/11_marcador_10.png\" loading=\"eager\" data-srcset=\"https:\/\/virtualia-str.com\/wp-content\/uploads\/2022\/07\/11_marcador_10.png 600w, https:\/\/virtualia-str.com\/wp-content\/uploads\/2022\/07\/11_marcador_10-300x169.png 300w\" \/><\/div><\/div><\/div><div  class=\"dt-owl-item-wrap elements-hover\"  ><div class=\"dt-owl-item-inner \"><div  class=\"dt-owl-item-image layzr-bg img-css-resize-wrapper\"> <img decoding=\"async\" width=\"1015\" height=\"571\" src=\"data:image\/svg+xml,%3Csvg%20xmlns%3D&#039;http%3A%2F%2Fwww.w3.org%2F2000%2Fsvg&#039;%20viewBox%3D&#039;0%200%201015%20571&#039;%2F%3E\" class=\"attachment-full size-full preload-me aspect lazy lazy-load\" alt=\"\" sizes=\"(max-width: 1015px) 100vw, 1015px\" style=\"--ratio: 1015 \/ 571;\" data-src=\"https:\/\/virtualia-str.com\/wp-content\/uploads\/2022\/05\/pasapalabra.jpg\" loading=\"eager\" data-srcset=\"https:\/\/virtualia-str.com\/wp-content\/uploads\/2022\/05\/pasapalabra.jpg 1015w, https:\/\/virtualia-str.com\/wp-content\/uploads\/2022\/05\/pasapalabra-300x169.jpg 300w, https:\/\/virtualia-str.com\/wp-content\/uploads\/2022\/05\/pasapalabra-768x432.jpg 768w\" \/><\/div><\/div><\/div><\/div><div class=\"owl-nav disabled\"><div class=\"owl-prev\" role=\"button\" tabindex=\"0\" aria-label=\"Prev slide\"><i class=\"fas fa-chevron-left\"><\/i><\/div><div class=\"owl-next\" role=\"button\" tabindex=\"0\" aria-label=\"Next slide\"><i class=\"fas fa-chevron-right\"><\/i><\/div><\/div>\t\t\t\t<\/div>\n\t\t\t\t<\/div>\n\t\t\t\t\t<\/div>\n\t\t<\/div>\n\t\t\t\t\t<\/div>\n\t\t<\/section>\n\t\t\t\t<\/div>\n\t\t","protected":false},"excerpt":{"rendered":"<p>SISTEMAS DE CRONOMETRAJE Los sistemas de cronometraje se han convertido en una pieza clave para garantizar la precisi\u00f3n, la emoci\u00f3n y la credibilidad de cualquier competici\u00f3n o concurso grabado o en directo. En Virtualia ofrecemos tecnolog\u00eda capaz de medir y mostrar tiempos, con la fiabilidad necesaria para que tanto el p\u00fablico como los participantes conf\u00eden&hellip;<\/p>\n","protected":false},"author":3,"featured_media":0,"parent":0,"menu_order":0,"comment_status":"closed","ping_status":"closed","template":"elementor_header_footer","meta":{"footnotes":""},"class_list":["post-54819","page","type-page","status-publish","hentry"],"_links":{"self":[{"href":"https:\/\/virtualia-str.com\/es\/wp-json\/wp\/v2\/pages\/54819","targetHints":{"allow":["GET"]}}],"collection":[{"href":"https:\/\/virtualia-str.com\/es\/wp-json\/wp\/v2\/pages"}],"about":[{"href":"https:\/\/virtualia-str.com\/es\/wp-json\/wp\/v2\/types\/page"}],"author":[{"embeddable":true,"href":"https:\/\/virtualia-str.com\/es\/wp-json\/wp\/v2\/users\/3"}],"replies":[{"embeddable":true,"href":"https:\/\/virtualia-str.com\/es\/wp-json\/wp\/v2\/comments?post=54819"}],"version-history":[{"count":19,"href":"https:\/\/virtualia-str.com\/es\/wp-json\/wp\/v2\/pages\/54819\/revisions"}],"predecessor-version":[{"id":55254,"href":"https:\/\/virtualia-str.com\/es\/wp-json\/wp\/v2\/pages\/54819\/revisions\/55254"}],"wp:attachment":[{"href":"https:\/\/virtualia-str.com\/es\/wp-json\/wp\/v2\/media?parent=54819"}],"curies":[{"name":"wp","href":"https:\/\/api.w.org\/{rel}","templated":true}]}}