{"id":54808,"date":"2025-08-20T15:59:59","date_gmt":"2025-08-20T15:59:59","guid":{"rendered":"https:\/\/virtualia-str.com\/?page_id=54808"},"modified":"2025-09-17T11:31:59","modified_gmt":"2025-09-17T11:31:59","slug":"votaciones","status":"publish","type":"page","link":"https:\/\/virtualia-str.com\/es\/votaciones\/","title":{"rendered":"VOTACIONES"},"content":{"rendered":"\t\t<div data-elementor-type=\"wp-page\" data-elementor-id=\"54808\" class=\"elementor elementor-54808\" data-elementor-post-type=\"page\">\n\t\t\t\t\t\t<section class=\"elementor-section elementor-top-section elementor-element elementor-element-43847c25 elementor-section-full_width elementor-section-height-default elementor-section-height-default\" data-id=\"43847c25\" data-element_type=\"section\" data-settings=\"{&quot;background_background&quot;:&quot;gradient&quot;}\">\n\t\t\t\t\t\t\t<div class=\"elementor-background-overlay\"><\/div>\n\t\t\t\t\t\t\t<div class=\"elementor-container elementor-column-gap-wider\">\n\t\t\t\t\t<div class=\"elementor-column elementor-col-100 elementor-top-column elementor-element elementor-element-19754a37\" data-id=\"19754a37\" data-element_type=\"column\" data-settings=\"{&quot;background_background&quot;:&quot;classic&quot;,&quot;background_motion_fx_motion_fx_scrolling&quot;:&quot;yes&quot;,&quot;background_motion_fx_opacity_effect&quot;:&quot;yes&quot;,&quot;background_motion_fx_opacity_direction&quot;:&quot;in-out&quot;,&quot;background_motion_fx_opacity_level&quot;:{&quot;unit&quot;:&quot;px&quot;,&quot;size&quot;:7,&quot;sizes&quot;:[]},&quot;background_motion_fx_opacity_range&quot;:{&quot;unit&quot;:&quot;%&quot;,&quot;size&quot;:&quot;&quot;,&quot;sizes&quot;:{&quot;start&quot;:0,&quot;end&quot;:100}},&quot;background_motion_fx_devices&quot;:[&quot;desktop&quot;,&quot;tablet&quot;,&quot;mobile&quot;]}\">\n\t\t\t<div class=\"elementor-widget-wrap elementor-element-populated\">\n\t\t\t\t\t<div class=\"elementor-background-overlay\"><\/div>\n\t\t\t\t\t\t<div class=\"elementor-element elementor-element-8acdedd elementor-widget elementor-widget-spacer\" data-id=\"8acdedd\" data-element_type=\"widget\" data-widget_type=\"spacer.default\">\n\t\t\t\t<div class=\"elementor-widget-container\">\n\t\t\t\t\t\t\t<div class=\"elementor-spacer\">\n\t\t\t<div class=\"elementor-spacer-inner\"><\/div>\n\t\t<\/div>\n\t\t\t\t\t\t<\/div>\n\t\t\t\t<\/div>\n\t\t\t\t\t<\/div>\n\t\t<\/div>\n\t\t\t\t\t<\/div>\n\t\t<\/section>\n\t\t\t\t<section class=\"elementor-section elementor-top-section elementor-element elementor-element-38f6f169 elementor-section-full_width elementor-section-height-default elementor-section-height-default\" data-id=\"38f6f169\" data-element_type=\"section\" data-settings=\"{&quot;background_background&quot;:&quot;slideshow&quot;,&quot;background_slideshow_gallery&quot;:[{&quot;id&quot;:52391,&quot;url&quot;:&quot;https:\\\/\\\/virtualia-str.com\\\/wp-content\\\/uploads\\\/2022\\\/07\\\/1_La-Voz.png&quot;},{&quot;id&quot;:54607,&quot;url&quot;:&quot;https:\\\/\\\/virtualia-str.com\\\/wp-content\\\/uploads\\\/2025\\\/06\\\/La-Voz-Kids-Votaciones-scaled-e1750876294114.jpg&quot;},{&quot;id&quot;:52393,&quot;url&quot;:&quot;https:\\\/\\\/virtualia-str.com\\\/wp-content\\\/uploads\\\/2022\\\/07\\\/3_La-Voz_3.png&quot;}],&quot;background_slideshow_transition_duration&quot;:1500,&quot;background_slideshow_slide_duration&quot;:4000,&quot;background_slideshow_loop&quot;:&quot;yes&quot;,&quot;background_slideshow_slide_transition&quot;:&quot;fade&quot;}\">\n\t\t\t\t\t\t\t<div class=\"elementor-background-overlay\"><\/div>\n\t\t\t\t\t\t\t<div class=\"elementor-container elementor-column-gap-wider\">\n\t\t\t\t\t<div class=\"elementor-column elementor-col-100 elementor-top-column elementor-element elementor-element-65e513cf\" data-id=\"65e513cf\" data-element_type=\"column\" data-settings=\"{&quot;background_background&quot;:&quot;classic&quot;,&quot;background_motion_fx_motion_fx_scrolling&quot;:&quot;yes&quot;,&quot;background_motion_fx_opacity_effect&quot;:&quot;yes&quot;,&quot;background_motion_fx_opacity_direction&quot;:&quot;in-out&quot;,&quot;background_motion_fx_opacity_level&quot;:{&quot;unit&quot;:&quot;px&quot;,&quot;size&quot;:7,&quot;sizes&quot;:[]},&quot;background_motion_fx_opacity_range&quot;:{&quot;unit&quot;:&quot;%&quot;,&quot;size&quot;:&quot;&quot;,&quot;sizes&quot;:{&quot;start&quot;:0,&quot;end&quot;:100}},&quot;background_motion_fx_devices&quot;:[&quot;desktop&quot;,&quot;tablet&quot;,&quot;mobile&quot;]}\">\n\t\t\t<div class=\"elementor-widget-wrap elementor-element-populated\">\n\t\t\t\t\t<div class=\"elementor-background-overlay\"><\/div>\n\t\t\t\t\t\t<div class=\"elementor-element elementor-element-4e8f4f6a elementor-widget elementor-widget-spacer\" data-id=\"4e8f4f6a\" data-element_type=\"widget\" data-widget_type=\"spacer.default\">\n\t\t\t\t<div class=\"elementor-widget-container\">\n\t\t\t\t\t\t\t<div class=\"elementor-spacer\">\n\t\t\t<div class=\"elementor-spacer-inner\"><\/div>\n\t\t<\/div>\n\t\t\t\t\t\t<\/div>\n\t\t\t\t<\/div>\n\t\t\t\t<div class=\"elementor-element elementor-element-20e4b967 elementor-widget elementor-widget-spacer\" data-id=\"20e4b967\" data-element_type=\"widget\" data-widget_type=\"spacer.default\">\n\t\t\t\t<div class=\"elementor-widget-container\">\n\t\t\t\t\t\t\t<div class=\"elementor-spacer\">\n\t\t\t<div class=\"elementor-spacer-inner\"><\/div>\n\t\t<\/div>\n\t\t\t\t\t\t<\/div>\n\t\t\t\t<\/div>\n\t\t\t\t\t<\/div>\n\t\t<\/div>\n\t\t\t\t\t<\/div>\n\t\t<\/section>\n\t\t\t\t<section class=\"elementor-section elementor-top-section elementor-element elementor-element-3d52a876 elementor-section-full_width elementor-section-height-default elementor-section-height-default\" data-id=\"3d52a876\" data-element_type=\"section\" data-settings=\"{&quot;background_background&quot;:&quot;gradient&quot;}\">\n\t\t\t\t\t\t<div class=\"elementor-container elementor-column-gap-no\">\n\t\t\t\t\t<div class=\"elementor-column elementor-col-100 elementor-top-column elementor-element elementor-element-0ca89f7\" data-id=\"0ca89f7\" data-element_type=\"column\" data-settings=\"{&quot;background_background&quot;:&quot;classic&quot;}\">\n\t\t\t<div class=\"elementor-widget-wrap elementor-element-populated\">\n\t\t\t\t\t\t<div class=\"elementor-element elementor-element-c0fc5c3 elementor-widget elementor-widget-spacer\" data-id=\"c0fc5c3\" data-element_type=\"widget\" data-widget_type=\"spacer.default\">\n\t\t\t\t<div class=\"elementor-widget-container\">\n\t\t\t\t\t\t\t<div class=\"elementor-spacer\">\n\t\t\t<div class=\"elementor-spacer-inner\"><\/div>\n\t\t<\/div>\n\t\t\t\t\t\t<\/div>\n\t\t\t\t<\/div>\n\t\t\t\t<div class=\"elementor-element elementor-element-9fde80e elementor-widget elementor-widget-text-editor\" data-id=\"9fde80e\" data-element_type=\"widget\" data-widget_type=\"text-editor.default\">\n\t\t\t\t<div class=\"elementor-widget-container\">\n\t\t\t\t\t\t\t\t\t<h1 style=\"text-align: center;\"><span style=\"color: #ffffff;\">VOTACIONES<\/span><\/h1>\t\t\t\t\t\t\t\t<\/div>\n\t\t\t\t<\/div>\n\t\t\t\t<div class=\"elementor-element elementor-element-49166db elementor-widget-divider--view-line elementor-widget elementor-widget-divider\" data-id=\"49166db\" data-element_type=\"widget\" data-widget_type=\"divider.default\">\n\t\t\t\t<div class=\"elementor-widget-container\">\n\t\t\t\t\t\t\t<div class=\"elementor-divider\">\n\t\t\t<span class=\"elementor-divider-separator\">\n\t\t\t\t\t\t<\/span>\n\t\t<\/div>\n\t\t\t\t\t\t<\/div>\n\t\t\t\t<\/div>\n\t\t\t\t<div class=\"elementor-element elementor-element-a2584c2 elementor-widget elementor-widget-text-editor\" data-id=\"a2584c2\" data-element_type=\"widget\" data-widget_type=\"text-editor.default\">\n\t\t\t\t<div class=\"elementor-widget-container\">\n\t\t\t\t\t\t\t\t\t<p>La <strong>interacci\u00f3n del p\u00fablico en tiempo real<\/strong> se est\u00e1 convirtiendo en una opci\u00f3n cada vez m\u00e1s popular en los nuevos formatos de televisi\u00f3n.<\/p><p>Programas como <span style=\"text-decoration: underline;\"><strong><a href=\"https:\/\/www.antena3.com\/programas\/la-voz\/\">La Voz<\/a>, <a href=\"https:\/\/www.canalsurmas.es\/videos\/category\/8453-fenomeno-fan\">Fen\u00f3meno Fan<\/a><\/strong><\/span> o <span style=\"text-decoration: underline;\"><a href=\"https:\/\/www.lasexta.com\/programas\/quien-quiere-ser-millonario\/\"><strong>Qui\u00e9n Quiere Ser Millonario<\/strong><\/a><\/span> permiten que el p\u00fablico participe activamente en la evoluci\u00f3n del concurso, eligiendo a su concursante preferido o decidiendo la respuesta correcta.<\/p><p>Virtualia cuenta con la tecnolog\u00eda y la experiencia necesarias para controlar las decisiones de la audiencia, en tiempo real y en directo, con total garant\u00eda. <strong>Nuestras herramientas de control permiten al equipo de direcci\u00f3n, jueces y notarios seguir las decisiones del p\u00fablico y su evoluci\u00f3n en tiempo real.<\/strong> Un ejemplo destacado es La Voz en todas sus versiones, donde hasta m\u00e1s de 1.000 personas que asisten a sus galas en directo, deciden el ganador en las distintas fases.<\/p><p>Adem\u00e1s, existen formatos en los que la mec\u00e1nica exige que los participantes interact\u00faen mediante un sistema de pulsadores, donde el m\u00e1s r\u00e1pido en pulsar es el primero en responder. Concursos como <span style=\"text-decoration: underline;\"><a href=\"https:\/\/www.antena3.com\/programas\/pasapalabra\/\"><strong>Pasapalabra<\/strong><\/a>,<\/span> <span style=\"text-decoration: underline;\"><strong><a href=\"https:\/\/www.lasexta.com\/programas\/generacion-top\/\">Generaci\u00f3n Top<\/a>, <a href=\"https:\/\/www.apuntmedia.es\/programes\/nyas-coca\/\">Nyas Coca<\/a>,<\/strong><\/span> <span style=\"text-decoration: underline;\"><strong><a href=\"https:\/\/www.grupoboomerangtv.com\/es\/producciones\/divididos\">Divididos<\/a>,<\/strong><\/span> <span style=\"text-decoration: underline;\"><strong>Lingo,<\/strong><\/span><strong> o\u00a0<\/strong><span style=\"text-decoration: underline;\"><strong><a href=\"https:\/\/www.antena3.com\/programas\/veo-como-cantas\/\">Veo C\u00f3mo Cantas<\/a><\/strong><\/span> utilizan esta tecnolog\u00eda para gestionar la din\u00e1mica del concurso.<\/p>\t\t\t\t\t\t\t\t<\/div>\n\t\t\t\t<\/div>\n\t\t\t\t\t<\/div>\n\t\t<\/div>\n\t\t\t\t\t<\/div>\n\t\t<\/section>\n\t\t\t\t<section class=\"elementor-section elementor-top-section elementor-element elementor-element-3b944b2f elementor-section-full_width elementor-section-height-default elementor-section-height-default\" data-id=\"3b944b2f\" data-element_type=\"section\" data-settings=\"{&quot;background_background&quot;:&quot;classic&quot;}\">\n\t\t\t\t\t\t<div class=\"elementor-container elementor-column-gap-no\">\n\t\t\t\t\t<div class=\"elementor-column elementor-col-100 elementor-top-column elementor-element elementor-element-6dab6df9\" data-id=\"6dab6df9\" data-element_type=\"column\" data-settings=\"{&quot;background_background&quot;:&quot;classic&quot;}\">\n\t\t\t<div class=\"elementor-widget-wrap elementor-element-populated\">\n\t\t\t\t\t\t<section class=\"elementor-section elementor-inner-section elementor-element elementor-element-211f7f18 elementor-section-boxed elementor-section-height-default elementor-section-height-default\" data-id=\"211f7f18\" data-element_type=\"section\">\n\t\t\t\t\t\t<div class=\"elementor-container elementor-column-gap-wider\">\n\t\t\t\t\t<div class=\"elementor-column elementor-col-100 elementor-inner-column elementor-element elementor-element-33ac2b30\" data-id=\"33ac2b30\" data-element_type=\"column\">\n\t\t\t<div class=\"elementor-widget-wrap elementor-element-populated\">\n\t\t\t\t\t\t<div class=\"elementor-element elementor-element-e4e4963 elementor-widget elementor-widget-text-editor\" data-id=\"e4e4963\" data-element_type=\"widget\" data-widget_type=\"text-editor.default\">\n\t\t\t\t<div class=\"elementor-widget-container\">\n\t\t\t\t\t\t\t\t\t<h2 style=\"text-align: center;\"><span style=\"color: #ffffff;\">NUESTROS PROYECTOS\n<\/span><\/h2>\t\t\t\t\t\t\t\t<\/div>\n\t\t\t\t<\/div>\n\t\t\t\t<div class=\"elementor-element elementor-element-1f5b2de elementor-widget-divider--view-line elementor-widget elementor-widget-divider\" data-id=\"1f5b2de\" data-element_type=\"widget\" data-widget_type=\"divider.default\">\n\t\t\t\t<div class=\"elementor-widget-container\">\n\t\t\t\t\t\t\t<div class=\"elementor-divider\">\n\t\t\t<span class=\"elementor-divider-separator\">\n\t\t\t\t\t\t<\/span>\n\t\t<\/div>\n\t\t\t\t\t\t<\/div>\n\t\t\t\t<\/div>\n\t\t\t\t\t<\/div>\n\t\t<\/div>\n\t\t\t\t\t<\/div>\n\t\t<\/section>\n\t\t\t\t<div class=\"elementor-element elementor-element-1f62a5f2 elementor-widget__width-initial arrows-relative-to-box_area slider-layout_1 slider-tablet-default slider-mobile-default slide-h-position-center bullets-small-dot-stroke elementor-widget elementor-widget-the7_content_carousel\" data-id=\"1f62a5f2\" data-element_type=\"widget\" data-settings=\"{&quot;gap_between_posts&quot;:{&quot;unit&quot;:&quot;px&quot;,&quot;size&quot;:20,&quot;sizes&quot;:[]},&quot;motion_fx_motion_fx_scrolling&quot;:&quot;yes&quot;,&quot;_animation&quot;:&quot;none&quot;,&quot;normal_arrow_bg_color&quot;:&quot;#FFFFFF&quot;,&quot;widget_columns&quot;:3,&quot;widget_columns_tablet&quot;:2,&quot;widget_columns_mobile&quot;:1,&quot;gap_between_posts_tablet&quot;:{&quot;unit&quot;:&quot;px&quot;,&quot;size&quot;:&quot;&quot;,&quot;sizes&quot;:[]},&quot;gap_between_posts_mobile&quot;:{&quot;unit&quot;:&quot;px&quot;,&quot;size&quot;:&quot;&quot;,&quot;sizes&quot;:[]},&quot;motion_fx_devices&quot;:[&quot;desktop&quot;,&quot;tablet&quot;,&quot;mobile&quot;]}\" data-widget_type=\"the7_content_carousel.default\">\n\t\t\t\t<div class=\"elementor-widget-container\">\n\t\t\t\t\t<div class=\"owl-carousel text-and-icon-carousel elementor-owl-carousel-call the7-elementor-widget the7_content_carousel-1f62a5f2 quick-scale-img\" data-scroll-mode=\"1\" data-auto-height=\"false\" data-speed=\"1000\" data-autoplay=\"true\" data-autoplay_speed=\"2000\"><div  class=\"dt-owl-item-wrap elements-hover elements-hover\"  ><div class=\"dt-owl-item-inner \"><a href=\"https:\/\/virtualia-str.com\/es\/virtualia\/\" class=\"dt-owl-item-image layzr-bg img-css-resize-wrapper\"> <img fetchpriority=\"high\" decoding=\"async\" width=\"600\" height=\"338\" src=\"data:image\/svg+xml,%3Csvg%20xmlns%3D&#039;http%3A%2F%2Fwww.w3.org%2F2000%2Fsvg&#039;%20viewBox%3D&#039;0%200%20600%20338&#039;%2F%3E\" class=\"attachment-full size-full preload-me aspect lazy lazy-load\" alt=\"\" sizes=\"(max-width: 600px) 100vw, 600px\" style=\"--ratio: 600 \/ 338;\" data-src=\"https:\/\/virtualia-str.com\/wp-content\/uploads\/2022\/07\/1_LA-voz_HD.png\" loading=\"eager\" data-srcset=\"https:\/\/virtualia-str.com\/wp-content\/uploads\/2022\/07\/1_LA-voz_HD.png 600w, https:\/\/virtualia-str.com\/wp-content\/uploads\/2022\/07\/1_LA-voz_HD-300x169.png 300w\" \/><\/a><\/div><\/div><div  class=\"dt-owl-item-wrap elements-hover elements-hover\"  ><div class=\"dt-owl-item-inner \"><a href=\"https:\/\/virtualia-str.com\/es\/virtualia\/\" class=\"dt-owl-item-image layzr-bg img-css-resize-wrapper\"> <img decoding=\"async\" width=\"600\" height=\"338\" src=\"data:image\/svg+xml,%3Csvg%20xmlns%3D&#039;http%3A%2F%2Fwww.w3.org%2F2000%2Fsvg&#039;%20viewBox%3D&#039;0%200%20600%20338&#039;%2F%3E\" class=\"attachment-full size-full preload-me aspect lazy lazy-load\" alt=\"\" sizes=\"(max-width: 600px) 100vw, 600px\" style=\"--ratio: 600 \/ 338;\" data-src=\"https:\/\/virtualia-str.com\/wp-content\/uploads\/2022\/07\/2_Toma-Partido_HD.png\" loading=\"eager\" data-srcset=\"https:\/\/virtualia-str.com\/wp-content\/uploads\/2022\/07\/2_Toma-Partido_HD.png 600w, https:\/\/virtualia-str.com\/wp-content\/uploads\/2022\/07\/2_Toma-Partido_HD-300x169.png 300w\" \/><\/a><\/div><\/div><div  class=\"dt-owl-item-wrap elements-hover\"  ><div class=\"dt-owl-item-inner \"><div  class=\"dt-owl-item-image layzr-bg img-css-resize-wrapper\"> <img decoding=\"async\" width=\"600\" height=\"338\" src=\"data:image\/svg+xml,%3Csvg%20xmlns%3D&#039;http%3A%2F%2Fwww.w3.org%2F2000%2Fsvg&#039;%20viewBox%3D&#039;0%200%20600%20338&#039;%2F%3E\" class=\"attachment-full size-full preload-me aspect lazy lazy-load\" alt=\"\" sizes=\"(max-width: 600px) 100vw, 600px\" style=\"--ratio: 600 \/ 338;\" data-src=\"https:\/\/virtualia-str.com\/wp-content\/uploads\/2022\/07\/3_Fenomeno_Fan_1_HD.png\" loading=\"eager\" data-srcset=\"https:\/\/virtualia-str.com\/wp-content\/uploads\/2022\/07\/3_Fenomeno_Fan_1_HD.png 600w, https:\/\/virtualia-str.com\/wp-content\/uploads\/2022\/07\/3_Fenomeno_Fan_1_HD-300x169.png 300w\" \/><\/div><\/div><\/div><div  class=\"dt-owl-item-wrap elements-hover\"  ><div class=\"dt-owl-item-inner \"><div  class=\"dt-owl-item-image layzr-bg img-css-resize-wrapper\"> <img decoding=\"async\" width=\"600\" height=\"338\" src=\"data:image\/svg+xml,%3Csvg%20xmlns%3D&#039;http%3A%2F%2Fwww.w3.org%2F2000%2Fsvg&#039;%20viewBox%3D&#039;0%200%20600%20338&#039;%2F%3E\" class=\"attachment-full size-full preload-me aspect lazy lazy-load\" alt=\"\" sizes=\"(max-width: 600px) 100vw, 600px\" style=\"--ratio: 600 \/ 338;\" data-src=\"https:\/\/virtualia-str.com\/wp-content\/uploads\/2022\/07\/6_Toma-Partido_HD_2.png\" loading=\"eager\" data-srcset=\"https:\/\/virtualia-str.com\/wp-content\/uploads\/2022\/07\/6_Toma-Partido_HD_2.png 600w, https:\/\/virtualia-str.com\/wp-content\/uploads\/2022\/07\/6_Toma-Partido_HD_2-300x169.png 300w\" \/><\/div><\/div><\/div><div  class=\"dt-owl-item-wrap elements-hover\"  ><div class=\"dt-owl-item-inner \"><div  class=\"dt-owl-item-image layzr-bg img-css-resize-wrapper\"> <img decoding=\"async\" width=\"600\" height=\"338\" src=\"data:image\/svg+xml,%3Csvg%20xmlns%3D&#039;http%3A%2F%2Fwww.w3.org%2F2000%2Fsvg&#039;%20viewBox%3D&#039;0%200%20600%20338&#039;%2F%3E\" class=\"attachment-full size-full preload-me aspect lazy lazy-load\" alt=\"\" sizes=\"(max-width: 600px) 100vw, 600px\" style=\"--ratio: 600 \/ 338;\" data-src=\"https:\/\/virtualia-str.com\/wp-content\/uploads\/2022\/07\/8_La-voz.png\" loading=\"eager\" data-srcset=\"https:\/\/virtualia-str.com\/wp-content\/uploads\/2022\/07\/8_La-voz.png 600w, https:\/\/virtualia-str.com\/wp-content\/uploads\/2022\/07\/8_La-voz-300x169.png 300w\" \/><\/div><\/div><\/div><div  class=\"dt-owl-item-wrap elements-hover\"  ><div class=\"dt-owl-item-inner \"><div  class=\"dt-owl-item-image layzr-bg img-css-resize-wrapper\"> <img decoding=\"async\" width=\"600\" height=\"338\" src=\"data:image\/svg+xml,%3Csvg%20xmlns%3D&#039;http%3A%2F%2Fwww.w3.org%2F2000%2Fsvg&#039;%20viewBox%3D&#039;0%200%20600%20338&#039;%2F%3E\" class=\"attachment-full size-full preload-me aspect lazy lazy-load\" alt=\"\" sizes=\"(max-width: 600px) 100vw, 600px\" style=\"--ratio: 600 \/ 338;\" data-src=\"https:\/\/virtualia-str.com\/wp-content\/uploads\/2022\/07\/9_Top-Dance_2.png\" loading=\"eager\" data-srcset=\"https:\/\/virtualia-str.com\/wp-content\/uploads\/2022\/07\/9_Top-Dance_2.png 600w, https:\/\/virtualia-str.com\/wp-content\/uploads\/2022\/07\/9_Top-Dance_2-300x169.png 300w\" \/><\/div><\/div><\/div><\/div><div class=\"owl-nav disabled\"><div class=\"owl-prev\" role=\"button\" tabindex=\"0\" aria-label=\"Prev slide\"><i class=\"fas fa-chevron-left\"><\/i><\/div><div class=\"owl-next\" role=\"button\" tabindex=\"0\" aria-label=\"Next slide\"><i class=\"fas fa-chevron-right\"><\/i><\/div><\/div>\t\t\t\t<\/div>\n\t\t\t\t<\/div>\n\t\t\t\t\t<\/div>\n\t\t<\/div>\n\t\t\t\t\t<\/div>\n\t\t<\/section>\n\t\t\t\t<\/div>\n\t\t","protected":false},"excerpt":{"rendered":"<p>VOTACIONES La interacci\u00f3n del p\u00fablico en tiempo real se est\u00e1 convirtiendo en una opci\u00f3n cada vez m\u00e1s popular en los nuevos formatos de televisi\u00f3n. Programas como La Voz, Fen\u00f3meno Fan o Qui\u00e9n Quiere Ser Millonario permiten que el p\u00fablico participe activamente en la evoluci\u00f3n del concurso, eligiendo a su concursante preferido o decidiendo la respuesta&hellip;<\/p>\n","protected":false},"author":3,"featured_media":0,"parent":0,"menu_order":0,"comment_status":"closed","ping_status":"closed","template":"elementor_header_footer","meta":{"footnotes":""},"class_list":["post-54808","page","type-page","status-publish","hentry"],"_links":{"self":[{"href":"https:\/\/virtualia-str.com\/es\/wp-json\/wp\/v2\/pages\/54808","targetHints":{"allow":["GET"]}}],"collection":[{"href":"https:\/\/virtualia-str.com\/es\/wp-json\/wp\/v2\/pages"}],"about":[{"href":"https:\/\/virtualia-str.com\/es\/wp-json\/wp\/v2\/types\/page"}],"author":[{"embeddable":true,"href":"https:\/\/virtualia-str.com\/es\/wp-json\/wp\/v2\/users\/3"}],"replies":[{"embeddable":true,"href":"https:\/\/virtualia-str.com\/es\/wp-json\/wp\/v2\/comments?post=54808"}],"version-history":[{"count":16,"href":"https:\/\/virtualia-str.com\/es\/wp-json\/wp\/v2\/pages\/54808\/revisions"}],"predecessor-version":[{"id":55281,"href":"https:\/\/virtualia-str.com\/es\/wp-json\/wp\/v2\/pages\/54808\/revisions\/55281"}],"wp:attachment":[{"href":"https:\/\/virtualia-str.com\/es\/wp-json\/wp\/v2\/media?parent=54808"}],"curies":[{"name":"wp","href":"https:\/\/api.w.org\/{rel}","templated":true}]}}