{"id":53269,"date":"2022-07-04T20:06:59","date_gmt":"2022-07-04T20:06:59","guid":{"rendered":"https:\/\/virtualia-str.com\/?page_id=53269"},"modified":"2025-09-17T11:33:56","modified_gmt":"2025-09-17T11:33:56","slug":"rotulacion","status":"publish","type":"page","link":"https:\/\/virtualia-str.com\/es\/rotulacion\/","title":{"rendered":"ROTULACI\u00d3N"},"content":{"rendered":"\t\t<div data-elementor-type=\"wp-page\" data-elementor-id=\"53269\" class=\"elementor elementor-53269\" data-elementor-post-type=\"page\">\n\t\t\t\t\t\t<section class=\"elementor-section elementor-top-section elementor-element elementor-element-43847c25 elementor-section-full_width elementor-section-height-default elementor-section-height-default\" data-id=\"43847c25\" data-element_type=\"section\" data-settings=\"{&quot;background_background&quot;:&quot;gradient&quot;}\">\n\t\t\t\t\t\t\t<div class=\"elementor-background-overlay\"><\/div>\n\t\t\t\t\t\t\t<div class=\"elementor-container elementor-column-gap-wider\">\n\t\t\t\t\t<div class=\"elementor-column elementor-col-100 elementor-top-column elementor-element elementor-element-19754a37\" data-id=\"19754a37\" data-element_type=\"column\" data-settings=\"{&quot;background_background&quot;:&quot;classic&quot;,&quot;background_motion_fx_motion_fx_scrolling&quot;:&quot;yes&quot;,&quot;background_motion_fx_opacity_effect&quot;:&quot;yes&quot;,&quot;background_motion_fx_opacity_direction&quot;:&quot;in-out&quot;,&quot;background_motion_fx_opacity_level&quot;:{&quot;unit&quot;:&quot;px&quot;,&quot;size&quot;:7,&quot;sizes&quot;:[]},&quot;background_motion_fx_opacity_range&quot;:{&quot;unit&quot;:&quot;%&quot;,&quot;size&quot;:&quot;&quot;,&quot;sizes&quot;:{&quot;start&quot;:0,&quot;end&quot;:100}},&quot;background_motion_fx_devices&quot;:[&quot;desktop&quot;,&quot;tablet&quot;,&quot;mobile&quot;]}\">\n\t\t\t<div class=\"elementor-widget-wrap elementor-element-populated\">\n\t\t\t\t\t<div class=\"elementor-background-overlay\"><\/div>\n\t\t\t\t\t\t<div class=\"elementor-element elementor-element-8acdedd elementor-widget elementor-widget-spacer\" data-id=\"8acdedd\" data-element_type=\"widget\" data-widget_type=\"spacer.default\">\n\t\t\t\t<div class=\"elementor-widget-container\">\n\t\t\t\t\t\t\t<div class=\"elementor-spacer\">\n\t\t\t<div class=\"elementor-spacer-inner\"><\/div>\n\t\t<\/div>\n\t\t\t\t\t\t<\/div>\n\t\t\t\t<\/div>\n\t\t\t\t\t<\/div>\n\t\t<\/div>\n\t\t\t\t\t<\/div>\n\t\t<\/section>\n\t\t\t\t<section class=\"elementor-section elementor-top-section elementor-element elementor-element-169dcb5a elementor-section-full_width elementor-section-height-default elementor-section-height-default\" data-id=\"169dcb5a\" data-element_type=\"section\" data-settings=\"{&quot;background_background&quot;:&quot;slideshow&quot;,&quot;background_slideshow_gallery&quot;:[{&quot;id&quot;:54125,&quot;url&quot;:&quot;https:\\\/\\\/virtualia-str.com\\\/wp-content\\\/uploads\\\/2024\\\/11\\\/Gol-a-gol31.jpeg&quot;},{&quot;id&quot;:53015,&quot;url&quot;:&quot;https:\\\/\\\/virtualia-str.com\\\/wp-content\\\/uploads\\\/2022\\\/07\\\/1_120.png&quot;},{&quot;id&quot;:53016,&quot;url&quot;:&quot;https:\\\/\\\/virtualia-str.com\\\/wp-content\\\/uploads\\\/2022\\\/07\\\/2_Gala-Maraton_2.png&quot;},{&quot;id&quot;:53017,&quot;url&quot;:&quot;https:\\\/\\\/virtualia-str.com\\\/wp-content\\\/uploads\\\/2022\\\/07\\\/3_BDBT.png&quot;},{&quot;id&quot;:53018,&quot;url&quot;:&quot;https:\\\/\\\/virtualia-str.com\\\/wp-content\\\/uploads\\\/2022\\\/07\\\/4_Como-en-CAsa.png&quot;},{&quot;id&quot;:53019,&quot;url&quot;:&quot;https:\\\/\\\/virtualia-str.com\\\/wp-content\\\/uploads\\\/2022\\\/07\\\/5_Desaparecidos.png&quot;},{&quot;id&quot;:53020,&quot;url&quot;:&quot;https:\\\/\\\/virtualia-str.com\\\/wp-content\\\/uploads\\\/2022\\\/07\\\/6_Tu-mejor-Verano.png&quot;},{&quot;id&quot;:53014,&quot;url&quot;:&quot;https:\\\/\\\/virtualia-str.com\\\/wp-content\\\/uploads\\\/2022\\\/07\\\/7_En-boca-de-todos.png&quot;}],&quot;background_slideshow_transition_duration&quot;:1500,&quot;background_slideshow_slide_duration&quot;:4000,&quot;background_slideshow_loop&quot;:&quot;yes&quot;,&quot;background_slideshow_slide_transition&quot;:&quot;fade&quot;}\">\n\t\t\t\t\t\t\t<div class=\"elementor-background-overlay\"><\/div>\n\t\t\t\t\t\t\t<div class=\"elementor-container elementor-column-gap-wider\">\n\t\t\t\t\t<div class=\"elementor-column elementor-col-100 elementor-top-column elementor-element elementor-element-41e44e9f\" data-id=\"41e44e9f\" data-element_type=\"column\" data-settings=\"{&quot;background_background&quot;:&quot;classic&quot;,&quot;background_motion_fx_motion_fx_scrolling&quot;:&quot;yes&quot;,&quot;background_motion_fx_opacity_effect&quot;:&quot;yes&quot;,&quot;background_motion_fx_opacity_direction&quot;:&quot;in-out&quot;,&quot;background_motion_fx_opacity_level&quot;:{&quot;unit&quot;:&quot;px&quot;,&quot;size&quot;:7,&quot;sizes&quot;:[]},&quot;background_motion_fx_opacity_range&quot;:{&quot;unit&quot;:&quot;%&quot;,&quot;size&quot;:&quot;&quot;,&quot;sizes&quot;:{&quot;start&quot;:0,&quot;end&quot;:100}},&quot;background_motion_fx_devices&quot;:[&quot;desktop&quot;,&quot;tablet&quot;,&quot;mobile&quot;]}\">\n\t\t\t<div class=\"elementor-widget-wrap elementor-element-populated\">\n\t\t\t\t\t<div class=\"elementor-background-overlay\"><\/div>\n\t\t\t\t\t\t<div class=\"elementor-element elementor-element-4a9f617d elementor-widget elementor-widget-spacer\" data-id=\"4a9f617d\" data-element_type=\"widget\" data-widget_type=\"spacer.default\">\n\t\t\t\t<div class=\"elementor-widget-container\">\n\t\t\t\t\t\t\t<div class=\"elementor-spacer\">\n\t\t\t<div class=\"elementor-spacer-inner\"><\/div>\n\t\t<\/div>\n\t\t\t\t\t\t<\/div>\n\t\t\t\t<\/div>\n\t\t\t\t<div class=\"elementor-element elementor-element-18857c61 elementor-widget elementor-widget-spacer\" data-id=\"18857c61\" data-element_type=\"widget\" data-widget_type=\"spacer.default\">\n\t\t\t\t<div class=\"elementor-widget-container\">\n\t\t\t\t\t\t\t<div class=\"elementor-spacer\">\n\t\t\t<div class=\"elementor-spacer-inner\"><\/div>\n\t\t<\/div>\n\t\t\t\t\t\t<\/div>\n\t\t\t\t<\/div>\n\t\t\t\t\t<\/div>\n\t\t<\/div>\n\t\t\t\t\t<\/div>\n\t\t<\/section>\n\t\t\t\t<section class=\"elementor-section elementor-top-section elementor-element elementor-element-3d52a876 elementor-section-full_width elementor-section-height-default elementor-section-height-default\" data-id=\"3d52a876\" data-element_type=\"section\" data-settings=\"{&quot;background_background&quot;:&quot;gradient&quot;}\">\n\t\t\t\t\t\t<div class=\"elementor-container elementor-column-gap-no\">\n\t\t\t\t\t<div class=\"elementor-column elementor-col-100 elementor-top-column elementor-element elementor-element-0ca89f7\" data-id=\"0ca89f7\" data-element_type=\"column\" data-settings=\"{&quot;background_background&quot;:&quot;classic&quot;}\">\n\t\t\t<div class=\"elementor-widget-wrap elementor-element-populated\">\n\t\t\t\t\t\t<div class=\"elementor-element elementor-element-c0fc5c3 elementor-widget elementor-widget-spacer\" data-id=\"c0fc5c3\" data-element_type=\"widget\" data-widget_type=\"spacer.default\">\n\t\t\t\t<div class=\"elementor-widget-container\">\n\t\t\t\t\t\t\t<div class=\"elementor-spacer\">\n\t\t\t<div class=\"elementor-spacer-inner\"><\/div>\n\t\t<\/div>\n\t\t\t\t\t\t<\/div>\n\t\t\t\t<\/div>\n\t\t\t\t<div class=\"elementor-element elementor-element-9fde80e elementor-widget elementor-widget-text-editor\" data-id=\"9fde80e\" data-element_type=\"widget\" data-widget_type=\"text-editor.default\">\n\t\t\t\t<div class=\"elementor-widget-container\">\n\t\t\t\t\t\t\t\t\t<h1 style=\"text-align: center;\"><span style=\"color: #ffffff;\">ROTULACI\u00d3N<\/span><\/h1>\t\t\t\t\t\t\t\t<\/div>\n\t\t\t\t<\/div>\n\t\t\t\t<div class=\"elementor-element elementor-element-49166db elementor-widget-divider--view-line elementor-widget elementor-widget-divider\" data-id=\"49166db\" data-element_type=\"widget\" data-widget_type=\"divider.default\">\n\t\t\t\t<div class=\"elementor-widget-container\">\n\t\t\t\t\t\t\t<div class=\"elementor-divider\">\n\t\t\t<span class=\"elementor-divider-separator\">\n\t\t\t\t\t\t<\/span>\n\t\t<\/div>\n\t\t\t\t\t\t<\/div>\n\t\t\t\t<\/div>\n\t\t\t\t<div class=\"elementor-element elementor-element-a2584c2 elementor-widget elementor-widget-text-editor\" data-id=\"a2584c2\" data-element_type=\"widget\" data-widget_type=\"text-editor.default\">\n\t\t\t\t<div class=\"elementor-widget-container\">\n\t\t\t\t\t\t\t\t\t<p>En Virtualia hemos desarrollado <strong>SMART CG<\/strong>,<strong> una soluci\u00f3n multicapa y multicanal que permite gestionar de forma r\u00e1pida e intuitiva toda la rotulaci\u00f3n de un programa y sus fuentes de contenido<\/strong>. Controla los distintos elementos gr\u00e1ficos para configurar m\u00faltiples niveles con informaci\u00f3n simult\u00e1nea. Adaptable a cualquier l\u00ednea gr\u00e1fica, los textos se autoajustan independientemente de su longitud. Permite manejar r\u00f3tulos, faldones, crawls, subt\u00edtulos, tablas, logotipos, cebos, contenidos de v\u00eddeo, hashtags, fechas, relojes, cron\u00f3metros, en definitiva, cualquier elemento informativo. Adem\u00e1s, permite crear r\u00f3tulos que conviven simult\u00e1neamente en pantalla y gestionarlos de forma independiente.<\/p><p>SMART CG dispone de una opci\u00f3n de playout multicanal que permite manejar contenidos de v\u00eddeo o im\u00e1genes fijas y combinarlos con contenidos de reproductores de v\u00eddeo externos y entradas de v\u00eddeo en vivo. El sistema permite actualizar contenidos en directo, manteniendo el flujo de trabajo de forma estable. SMART CG es escalable y permite distribuir el trabajo entre m\u00faltiples puestos.<\/p><p>SMART CG ha permitido gestionar, de forma sencilla, los contenidos de programas en directo como: <strong><span style=\"text-decoration: underline;\"><a href=\"https:\/\/www.telemadrid.es\/programas\/120-minutos\/\">120 Minutos<\/a><\/span>, <span style=\"text-decoration: underline;\"><a href=\"https:\/\/www.redaccion7.info\/portfolio-item\/verde-blanca-y-verde\/\">Verde Blanca y Verde<\/a><\/span>, <span style=\"text-decoration: underline;\"><a href=\"https:\/\/www.rtve.es\/television\/desaparecidos\/\">Desaparecidos<\/a><\/span>, Buenos D\u00edas Buenas Tardes<\/strong> o <strong>En boca de Todos<\/strong>, y eventos deportivos como la <a href=\"https:\/\/www.rtve.es\/play\/madrid-open-tenis\/\">personalizaci\u00f3n de TVE del Mutua Madrid Open<\/a> de tenis de Madrid, o concursos como <strong><span style=\"text-decoration: underline;\"><a href=\"https:\/\/www.cmmedia.es\/tv\/a-tu-vera\">A Tu Vera<\/a><\/span><\/strong> de CMM con m\u00e1s de quince ediciones emitidas.<\/p>\t\t\t\t\t\t\t\t<\/div>\n\t\t\t\t<\/div>\n\t\t\t\t\t<\/div>\n\t\t<\/div>\n\t\t\t\t\t<\/div>\n\t\t<\/section>\n\t\t\t\t<section class=\"elementor-section elementor-top-section elementor-element elementor-element-3b944b2f elementor-section-full_width elementor-section-height-default elementor-section-height-default\" data-id=\"3b944b2f\" data-element_type=\"section\" data-settings=\"{&quot;background_background&quot;:&quot;classic&quot;}\">\n\t\t\t\t\t\t<div class=\"elementor-container elementor-column-gap-no\">\n\t\t\t\t\t<div class=\"elementor-column elementor-col-100 elementor-top-column elementor-element elementor-element-6dab6df9\" data-id=\"6dab6df9\" data-element_type=\"column\" data-settings=\"{&quot;background_background&quot;:&quot;classic&quot;}\">\n\t\t\t<div class=\"elementor-widget-wrap elementor-element-populated\">\n\t\t\t\t\t\t<section class=\"elementor-section elementor-inner-section elementor-element elementor-element-211f7f18 elementor-section-boxed elementor-section-height-default elementor-section-height-default\" data-id=\"211f7f18\" data-element_type=\"section\">\n\t\t\t\t\t\t<div class=\"elementor-container elementor-column-gap-wider\">\n\t\t\t\t\t<div class=\"elementor-column elementor-col-100 elementor-inner-column elementor-element elementor-element-33ac2b30\" data-id=\"33ac2b30\" data-element_type=\"column\">\n\t\t\t<div class=\"elementor-widget-wrap elementor-element-populated\">\n\t\t\t\t\t\t<div class=\"elementor-element elementor-element-e4e4963 elementor-widget elementor-widget-text-editor\" data-id=\"e4e4963\" data-element_type=\"widget\" data-widget_type=\"text-editor.default\">\n\t\t\t\t<div class=\"elementor-widget-container\">\n\t\t\t\t\t\t\t\t\t<h2 style=\"text-align: center;\"><span style=\"color: #ffffff;\">NUESTROS PROYECTOS\n<\/span><\/h2>\t\t\t\t\t\t\t\t<\/div>\n\t\t\t\t<\/div>\n\t\t\t\t<div class=\"elementor-element elementor-element-1f5b2de elementor-widget-divider--view-line elementor-widget elementor-widget-divider\" data-id=\"1f5b2de\" data-element_type=\"widget\" data-widget_type=\"divider.default\">\n\t\t\t\t<div class=\"elementor-widget-container\">\n\t\t\t\t\t\t\t<div class=\"elementor-divider\">\n\t\t\t<span class=\"elementor-divider-separator\">\n\t\t\t\t\t\t<\/span>\n\t\t<\/div>\n\t\t\t\t\t\t<\/div>\n\t\t\t\t<\/div>\n\t\t\t\t\t<\/div>\n\t\t<\/div>\n\t\t\t\t\t<\/div>\n\t\t<\/section>\n\t\t\t\t<div class=\"elementor-element elementor-element-1f62a5f2 elementor-widget__width-initial arrows-relative-to-box_area slider-layout_1 slider-tablet-default slider-mobile-default slide-h-position-center bullets-small-dot-stroke elementor-widget elementor-widget-the7_content_carousel\" data-id=\"1f62a5f2\" data-element_type=\"widget\" data-settings=\"{&quot;gap_between_posts&quot;:{&quot;unit&quot;:&quot;px&quot;,&quot;size&quot;:20,&quot;sizes&quot;:[]},&quot;motion_fx_motion_fx_scrolling&quot;:&quot;yes&quot;,&quot;_animation&quot;:&quot;none&quot;,&quot;normal_arrow_bg_color&quot;:&quot;#FFFFFF&quot;,&quot;widget_columns&quot;:3,&quot;widget_columns_tablet&quot;:2,&quot;widget_columns_mobile&quot;:1,&quot;gap_between_posts_tablet&quot;:{&quot;unit&quot;:&quot;px&quot;,&quot;size&quot;:&quot;&quot;,&quot;sizes&quot;:[]},&quot;gap_between_posts_mobile&quot;:{&quot;unit&quot;:&quot;px&quot;,&quot;size&quot;:&quot;&quot;,&quot;sizes&quot;:[]},&quot;motion_fx_devices&quot;:[&quot;desktop&quot;,&quot;tablet&quot;,&quot;mobile&quot;]}\" data-widget_type=\"the7_content_carousel.default\">\n\t\t\t\t<div class=\"elementor-widget-container\">\n\t\t\t\t\t<div class=\"owl-carousel text-and-icon-carousel elementor-owl-carousel-call the7-elementor-widget the7_content_carousel-1f62a5f2 quick-scale-img\" data-scroll-mode=\"1\" data-auto-height=\"false\" data-speed=\"1000\" data-autoplay=\"true\" data-autoplay_speed=\"2000\"><div  class=\"dt-owl-item-wrap elements-hover\"  ><div class=\"dt-owl-item-inner \"><div  class=\"dt-owl-item-image layzr-bg img-css-resize-wrapper\"> <img fetchpriority=\"high\" decoding=\"async\" width=\"600\" height=\"338\" src=\"data:image\/svg+xml,%3Csvg%20xmlns%3D&#039;http%3A%2F%2Fwww.w3.org%2F2000%2Fsvg&#039;%20viewBox%3D&#039;0%200%20600%20338&#039;%2F%3E\" class=\"attachment-full size-full preload-me aspect lazy lazy-load\" alt=\"\" sizes=\"(max-width: 600px) 100vw, 600px\" style=\"--ratio: 600 \/ 338;\" data-src=\"https:\/\/virtualia-str.com\/wp-content\/uploads\/2022\/07\/1_120_HD.png\" loading=\"eager\" data-srcset=\"https:\/\/virtualia-str.com\/wp-content\/uploads\/2022\/07\/1_120_HD.png 600w, https:\/\/virtualia-str.com\/wp-content\/uploads\/2022\/07\/1_120_HD-300x169.png 300w\" \/><\/div><\/div><\/div><div  class=\"dt-owl-item-wrap elements-hover\"  ><div class=\"dt-owl-item-inner \"><div  class=\"dt-owl-item-image layzr-bg img-css-resize-wrapper\"> <img decoding=\"async\" width=\"600\" height=\"338\" src=\"data:image\/svg+xml,%3Csvg%20xmlns%3D&#039;http%3A%2F%2Fwww.w3.org%2F2000%2Fsvg&#039;%20viewBox%3D&#039;0%200%20600%20338&#039;%2F%3E\" class=\"attachment-full size-full preload-me aspect lazy lazy-load\" alt=\"\" sizes=\"(max-width: 600px) 100vw, 600px\" style=\"--ratio: 600 \/ 338;\" data-src=\"https:\/\/virtualia-str.com\/wp-content\/uploads\/2022\/07\/2_Desaparecidos.png\" loading=\"eager\" data-srcset=\"https:\/\/virtualia-str.com\/wp-content\/uploads\/2022\/07\/2_Desaparecidos.png 600w, https:\/\/virtualia-str.com\/wp-content\/uploads\/2022\/07\/2_Desaparecidos-300x169.png 300w\" \/><\/div><\/div><\/div><div  class=\"dt-owl-item-wrap elements-hover\"  ><div class=\"dt-owl-item-inner \"><div  class=\"dt-owl-item-image layzr-bg img-css-resize-wrapper\"> <img decoding=\"async\" width=\"600\" height=\"338\" src=\"data:image\/svg+xml,%3Csvg%20xmlns%3D&#039;http%3A%2F%2Fwww.w3.org%2F2000%2Fsvg&#039;%20viewBox%3D&#039;0%200%20600%20338&#039;%2F%3E\" class=\"attachment-full size-full preload-me aspect lazy lazy-load\" alt=\"\" sizes=\"(max-width: 600px) 100vw, 600px\" style=\"--ratio: 600 \/ 338;\" data-src=\"https:\/\/virtualia-str.com\/wp-content\/uploads\/2022\/07\/3_BDBT-copy-0.png\" loading=\"eager\" data-srcset=\"https:\/\/virtualia-str.com\/wp-content\/uploads\/2022\/07\/3_BDBT-copy-0.png 600w, https:\/\/virtualia-str.com\/wp-content\/uploads\/2022\/07\/3_BDBT-copy-0-300x169.png 300w\" \/><\/div><\/div><\/div><div  class=\"dt-owl-item-wrap elements-hover\"  ><div class=\"dt-owl-item-inner \"><div  class=\"dt-owl-item-image layzr-bg img-css-resize-wrapper\"> <img decoding=\"async\" width=\"600\" height=\"338\" src=\"data:image\/svg+xml,%3Csvg%20xmlns%3D&#039;http%3A%2F%2Fwww.w3.org%2F2000%2Fsvg&#039;%20viewBox%3D&#039;0%200%20600%20338&#039;%2F%3E\" class=\"attachment-full size-full preload-me aspect lazy lazy-load\" alt=\"\" sizes=\"(max-width: 600px) 100vw, 600px\" style=\"--ratio: 600 \/ 338;\" data-src=\"https:\/\/virtualia-str.com\/wp-content\/uploads\/2022\/07\/4_Verano_HD.png\" loading=\"eager\" data-srcset=\"https:\/\/virtualia-str.com\/wp-content\/uploads\/2022\/07\/4_Verano_HD.png 600w, https:\/\/virtualia-str.com\/wp-content\/uploads\/2022\/07\/4_Verano_HD-300x169.png 300w\" \/><\/div><\/div><\/div><div  class=\"dt-owl-item-wrap elements-hover\"  ><div class=\"dt-owl-item-inner \"><div  class=\"dt-owl-item-image layzr-bg img-css-resize-wrapper\"> <img decoding=\"async\" width=\"600\" height=\"338\" src=\"data:image\/svg+xml,%3Csvg%20xmlns%3D&#039;http%3A%2F%2Fwww.w3.org%2F2000%2Fsvg&#039;%20viewBox%3D&#039;0%200%20600%20338&#039;%2F%3E\" class=\"attachment-full size-full preload-me aspect lazy lazy-load\" alt=\"\" sizes=\"(max-width: 600px) 100vw, 600px\" style=\"--ratio: 600 \/ 338;\" data-src=\"https:\/\/virtualia-str.com\/wp-content\/uploads\/2022\/07\/5_Casino.png\" loading=\"eager\" data-srcset=\"https:\/\/virtualia-str.com\/wp-content\/uploads\/2022\/07\/5_Casino.png 600w, https:\/\/virtualia-str.com\/wp-content\/uploads\/2022\/07\/5_Casino-300x169.png 300w\" \/><\/div><\/div><\/div><div  class=\"dt-owl-item-wrap elements-hover\"  ><div class=\"dt-owl-item-inner \"><div  class=\"dt-owl-item-image layzr-bg img-css-resize-wrapper\"> <img decoding=\"async\" width=\"600\" height=\"338\" src=\"data:image\/svg+xml,%3Csvg%20xmlns%3D&#039;http%3A%2F%2Fwww.w3.org%2F2000%2Fsvg&#039;%20viewBox%3D&#039;0%200%20600%20338&#039;%2F%3E\" class=\"attachment-full size-full preload-me aspect lazy lazy-load\" alt=\"\" sizes=\"(max-width: 600px) 100vw, 600px\" style=\"--ratio: 600 \/ 338;\" data-src=\"https:\/\/virtualia-str.com\/wp-content\/uploads\/2022\/07\/8_Splahs.png\" loading=\"eager\" data-srcset=\"https:\/\/virtualia-str.com\/wp-content\/uploads\/2022\/07\/8_Splahs.png 600w, https:\/\/virtualia-str.com\/wp-content\/uploads\/2022\/07\/8_Splahs-300x169.png 300w\" \/><\/div><\/div><\/div><div  class=\"dt-owl-item-wrap elements-hover\"  ><div class=\"dt-owl-item-inner \"><div  class=\"dt-owl-item-image layzr-bg img-css-resize-wrapper\"> <img decoding=\"async\" width=\"600\" height=\"338\" src=\"data:image\/svg+xml,%3Csvg%20xmlns%3D&#039;http%3A%2F%2Fwww.w3.org%2F2000%2Fsvg&#039;%20viewBox%3D&#039;0%200%20600%20338&#039;%2F%3E\" class=\"attachment-full size-full preload-me aspect lazy lazy-load\" alt=\"\" sizes=\"(max-width: 600px) 100vw, 600px\" style=\"--ratio: 600 \/ 338;\" data-src=\"https:\/\/virtualia-str.com\/wp-content\/uploads\/2022\/07\/9_Titular_HD.png\" loading=\"eager\" data-srcset=\"https:\/\/virtualia-str.com\/wp-content\/uploads\/2022\/07\/9_Titular_HD.png 600w, https:\/\/virtualia-str.com\/wp-content\/uploads\/2022\/07\/9_Titular_HD-300x169.png 300w\" \/><\/div><\/div><\/div><div  class=\"dt-owl-item-wrap elements-hover\"  ><div class=\"dt-owl-item-inner \"><div  class=\"dt-owl-item-image layzr-bg img-css-resize-wrapper\"> <img decoding=\"async\" width=\"600\" height=\"338\" src=\"data:image\/svg+xml,%3Csvg%20xmlns%3D&#039;http%3A%2F%2Fwww.w3.org%2F2000%2Fsvg&#039;%20viewBox%3D&#039;0%200%20600%20338&#039;%2F%3E\" class=\"attachment-full size-full preload-me aspect lazy lazy-load\" alt=\"\" sizes=\"(max-width: 600px) 100vw, 600px\" style=\"--ratio: 600 \/ 338;\" data-src=\"https:\/\/virtualia-str.com\/wp-content\/uploads\/2022\/07\/10_Gala-Maraton_1_HD.png\" loading=\"eager\" data-srcset=\"https:\/\/virtualia-str.com\/wp-content\/uploads\/2022\/07\/10_Gala-Maraton_1_HD.png 600w, https:\/\/virtualia-str.com\/wp-content\/uploads\/2022\/07\/10_Gala-Maraton_1_HD-300x169.png 300w\" \/><\/div><\/div><\/div><div  class=\"dt-owl-item-wrap elements-hover\"  ><div class=\"dt-owl-item-inner \"><div  class=\"dt-owl-item-image layzr-bg img-css-resize-wrapper\"> <img decoding=\"async\" width=\"600\" height=\"338\" src=\"data:image\/svg+xml,%3Csvg%20xmlns%3D&#039;http%3A%2F%2Fwww.w3.org%2F2000%2Fsvg&#039;%20viewBox%3D&#039;0%200%20600%20338&#039;%2F%3E\" class=\"attachment-full size-full preload-me aspect lazy lazy-load\" alt=\"\" sizes=\"(max-width: 600px) 100vw, 600px\" style=\"--ratio: 600 \/ 338;\" data-src=\"https:\/\/virtualia-str.com\/wp-content\/uploads\/2022\/07\/11_Redbull.png\" loading=\"eager\" data-srcset=\"https:\/\/virtualia-str.com\/wp-content\/uploads\/2022\/07\/11_Redbull.png 600w, https:\/\/virtualia-str.com\/wp-content\/uploads\/2022\/07\/11_Redbull-300x169.png 300w\" \/><\/div><\/div><\/div><\/div><div class=\"owl-nav disabled\"><div class=\"owl-prev\" role=\"button\" tabindex=\"0\" aria-label=\"Prev slide\"><i class=\"fas fa-chevron-left\"><\/i><\/div><div class=\"owl-next\" role=\"button\" tabindex=\"0\" aria-label=\"Next slide\"><i class=\"fas fa-chevron-right\"><\/i><\/div><\/div>\t\t\t\t<\/div>\n\t\t\t\t<\/div>\n\t\t\t\t\t<\/div>\n\t\t<\/div>\n\t\t\t\t\t<\/div>\n\t\t<\/section>\n\t\t\t\t<\/div>\n\t\t","protected":false},"excerpt":{"rendered":"<p>ROTULACI\u00d3N En Virtualia hemos desarrollado SMART CG, una soluci\u00f3n multicapa y multicanal que permite gestionar de forma r\u00e1pida e intuitiva toda la rotulaci\u00f3n de un programa y sus fuentes de contenido. Controla los distintos elementos gr\u00e1ficos para configurar m\u00faltiples niveles con informaci\u00f3n simult\u00e1nea. Adaptable a cualquier l\u00ednea gr\u00e1fica, los textos se autoajustan independientemente de su&hellip;<\/p>\n","protected":false},"author":1,"featured_media":0,"parent":0,"menu_order":0,"comment_status":"closed","ping_status":"closed","template":"elementor_header_footer","meta":{"footnotes":""},"class_list":["post-53269","page","type-page","status-publish","hentry"],"_links":{"self":[{"href":"https:\/\/virtualia-str.com\/es\/wp-json\/wp\/v2\/pages\/53269","targetHints":{"allow":["GET"]}}],"collection":[{"href":"https:\/\/virtualia-str.com\/es\/wp-json\/wp\/v2\/pages"}],"about":[{"href":"https:\/\/virtualia-str.com\/es\/wp-json\/wp\/v2\/types\/page"}],"author":[{"embeddable":true,"href":"https:\/\/virtualia-str.com\/es\/wp-json\/wp\/v2\/users\/1"}],"replies":[{"embeddable":true,"href":"https:\/\/virtualia-str.com\/es\/wp-json\/wp\/v2\/comments?post=53269"}],"version-history":[{"count":43,"href":"https:\/\/virtualia-str.com\/es\/wp-json\/wp\/v2\/pages\/53269\/revisions"}],"predecessor-version":[{"id":55284,"href":"https:\/\/virtualia-str.com\/es\/wp-json\/wp\/v2\/pages\/53269\/revisions\/55284"}],"wp:attachment":[{"href":"https:\/\/virtualia-str.com\/es\/wp-json\/wp\/v2\/media?parent=53269"}],"curies":[{"name":"wp","href":"https:\/\/api.w.org\/{rel}","templated":true}]}}